{"id":19,"date":"2016-10-05T21:46:06","date_gmt":"2016-10-05T21:46:06","guid":{"rendered":"http:\/\/arestaaocubo.com\/inicio\/?page_id=19"},"modified":"2024-06-03T14:29:18","modified_gmt":"2024-06-03T14:29:18","slug":"home","status":"publish","type":"page","link":"https:\/\/arestaaocubo.com\/inicio\/","title":{"rendered":"Home"},"content":{"rendered":"<div id=\"pl-19\"  class=\"panel-layout\" ><div id=\"pg-19-0\"  class=\"panel-grid panel-no-style\" ><div id=\"pgc-19-0-0\"  class=\"panel-grid-cell\" ><\/div><\/div><div id=\"pg-19-1\"  class=\"panel-grid panel-has-style\" ><div class=\"panel-row-style panel-row-style-for-19-1\" ><div id=\"pgc-19-1-0\"  class=\"panel-grid-cell\" ><div id=\"panel-19-1-0-0\" class=\"so-panel widget widget_black-studio-tinymce widget_black_studio_tinymce panel-first-child panel-last-child\" data-index=\"1\" ><div class=\"panel-widget-style panel-widget-style-for-19-1-0-0\" ><div class=\"textwidget\"><p style=\"text-align: center;\"><strong>ARESTA ao CUBO<\/strong><br \/>O Aresta ao Cubo \u00e9 um centro de estudos e\u00a0explica\u00e7\u00f5es, onde poder\u00e1 encontrar a excel\u00eancia do processo educativo. <a href=\"https:\/\/arestaaocubo.com\/inicio\/o-centro\/\" data-wplink-edit=\"true\">[mais info]<\/a><\/p>\n<\/div><\/div><\/div><\/div><div id=\"pgc-19-1-1\"  class=\"panel-grid-cell\" ><div id=\"panel-19-1-1-0\" class=\"so-panel widget widget_black-studio-tinymce widget_black_studio_tinymce panel-first-child panel-last-child\" data-index=\"2\" ><div class=\"panel-widget-style panel-widget-style-for-19-1-1-0\" ><div class=\"textwidget\"><p style=\"text-align: center;\"><strong>ENSINO<\/strong><br \/>Sendo no ensino b\u00e1sico que se desenvolvem as aprendizagens que s\u00e3o a base fundamental para todas as aquisi\u00e7\u00f5es futuras... <a href=\"https:\/\/arestaaocubo.com\/inicio\/ensino\/\">[mais info]<\/a><\/p>\n<\/div><\/div><\/div><\/div><div id=\"pgc-19-1-2\"  class=\"panel-grid-cell\" ><div id=\"panel-19-1-2-0\" class=\"so-panel widget widget_black-studio-tinymce widget_black_studio_tinymce panel-first-child panel-last-child\" data-index=\"3\" ><div class=\"panel-widget-style panel-widget-style-for-19-1-2-0\" ><div class=\"textwidget\"><p style=\"text-align: center;\"><strong>INSCRI\u00c7\u00c3O ONLINE<\/strong><br \/>Fa\u00e7a a sua inscri\u00e7\u00e3o online e usufrua de um desconto de 10% <a href=\"https:\/\/arestaaocubo.com\/inicio\/inscricoes\/\">[mais info]<\/a><\/p>\n<\/div><\/div><\/div><\/div><\/div><\/div><div id=\"pg-19-2\"  class=\"panel-grid panel-no-style\" ><div id=\"pgc-19-2-0\"  class=\"panel-grid-cell\" ><div id=\"panel-19-2-0-0\" class=\"so-panel widget widget_black-studio-tinymce widget_black_studio_tinymce panel-first-child panel-last-child\" data-index=\"4\" ><div class=\"textwidget\"><h3>Em que somos diferentes?<\/h3>\n<p>\u00a0<\/p>\n<p style=\"text-align: justify;\"><img loading=\"lazy\" decoding=\"async\" class=\"size-full wp-image-154 alignleft\" src=\"https:\/\/arestaaocubo.com\/inicio\/wp-content\/uploads\/2016\/10\/jovens.jpg\" alt=\"jovens\" width=\"266\" height=\"160\" \/><\/p>\n<p style=\"text-align: justify;\">O que nos diferencia \u00e9 o olhar centrado no aluno, num registo alargado, sentindo que as suas dificuldades e limita\u00e7\u00f5es podem estar relacionadas com diferentes raz\u00f5es.<\/p>\n<p style=\"text-align: justify;\">Propomo-nos, com o nosso servi\u00e7o, perceber a raiz das diferentes dificuldades e criar estrat\u00e9gias diferenciadas para a sua resolu\u00e7\u00e3o.<\/p>\n<p style=\"text-align: justify;\">Contamos com a multidisciplinaridade dos nossos colaboradores para encontrar os caminhos certos e alcan\u00e7ar o sucesso dos nossos alunos.<\/p>\n<\/div><\/div><\/div><div id=\"pgc-19-2-1\"  class=\"panel-grid-cell\" ><div id=\"panel-19-2-1-0\" class=\"so-panel widget widget_text panel-first-child panel-last-child\" data-index=\"5\" ><h3 class=\"widget-title\">Siga-nos no Facebook!<\/h3>\t\t\t<div class=\"textwidget\"><iframe src=\"https:\/\/www.facebook.com\/plugins\/page.php?href=https%3A%2F%2Fwww.facebook.com%2Farestaaocubo%2F&tabs&width=340&height=214&small_header=false&adapt_container_width=true&hide_cover=false&show_facepile=true&appId\" width=\"auto\" style=\"border:none;overflow:hidden\" scrolling=\"no\" frameborder=\"0\" allowTransparency=\"true\"><\/iframe><\/div>\n\t\t<\/div><\/div><\/div><\/div>","protected":false},"excerpt":{"rendered":"<p>ARESTA ao CUBOO Aresta ao Cubo \u00e9 um centro de estudos e\u00a0explica\u00e7\u00f5es, onde poder\u00e1 encontrar a excel\u00eancia do processo educativo. [mais info] ENSINOSendo no ensino b\u00e1sico que se desenvolvem as aprendizagens que s\u00e3o a base fundamental para todas as aquisi\u00e7\u00f5es futuras&#8230; [mais info] INSCRI\u00c7\u00c3O ONLINEFa\u00e7a a sua inscri\u00e7\u00e3o online e usufrua de um desconto de &#8230; <a title=\"Home\" class=\"read-more\" href=\"https:\/\/arestaaocubo.com\/inicio\/\">Ler mais <span class=\"screen-reader-text\">Home<\/span><\/a><\/p>\n","protected":false},"author":2,"featured_media":0,"parent":0,"menu_order":0,"comment_status":"closed","ping_status":"closed","template":"","meta":{"ngg_post_thumbnail":0,"footnotes":""},"class_list":["post-19","page","type-page","status-publish"],"_links":{"self":[{"href":"https:\/\/arestaaocubo.com\/inicio\/wp-json\/wp\/v2\/pages\/19","targetHints":{"allow":["GET"]}}],"collection":[{"href":"https:\/\/arestaaocubo.com\/inicio\/wp-json\/wp\/v2\/pages"}],"about":[{"href":"https:\/\/arestaaocubo.com\/inicio\/wp-json\/wp\/v2\/types\/page"}],"author":[{"embeddable":true,"href":"https:\/\/arestaaocubo.com\/inicio\/wp-json\/wp\/v2\/users\/2"}],"replies":[{"embeddable":true,"href":"https:\/\/arestaaocubo.com\/inicio\/wp-json\/wp\/v2\/comments?post=19"}],"version-history":[{"count":41,"href":"https:\/\/arestaaocubo.com\/inicio\/wp-json\/wp\/v2\/pages\/19\/revisions"}],"predecessor-version":[{"id":241,"href":"https:\/\/arestaaocubo.com\/inicio\/wp-json\/wp\/v2\/pages\/19\/revisions\/241"}],"wp:attachment":[{"href":"https:\/\/arestaaocubo.com\/inicio\/wp-json\/wp\/v2\/media?parent=19"}],"curies":[{"name":"wp","href":"https:\/\/api.w.org\/{rel}","templated":true}]}}